{"id":45,"date":"2021-06-24T02:48:07","date_gmt":"2021-06-24T02:48:07","guid":{"rendered":"https:\/\/kimfurniture.com\/en\/?page_id=45"},"modified":"2021-08-02T14:17:12","modified_gmt":"2021-08-02T07:17:12","slug":"ve-chung-toi","status":"publish","type":"page","link":"https:\/\/kimfurniture.com\/en\/ve-chung-toi\/","title":{"rendered":"V\u1ec1 ch\u00fang t\u00f4i"},"content":{"rendered":"\n\n\t\t\t\t\t\t<img decoding=\"async\" src=\"https:\/\/kimfurniture.com\/en\/wp-content\/uploads\/2021\/07\/anh-noi-bo-kim-furniture-5.png\"\/>\n\t<p><strong>C\u00f4ng ty CP thi\u1ebft k\u1ebf &amp; th\u01b0\u01a1ng m\u1ea1i n\u1ed9i th\u1ea5t KIM<\/strong> ho\u1ea1t \u0111\u1ed9ng trong l\u0129nh v\u1ef1c thi\u1ebft k\u1ebf thi c\u00f4ng n\u1ed9i th\u1ea5t tr\u1ecdn g\u00f3i. \u0110\u01b0\u1ee3c th\u00e0nh l\u1eadp t\u1eeb n\u0103m 2017, v\u1edbi \u0111\u1ed9i ng\u0169 thi\u1ebft k\u1ebf <strong>chuy\u00ean m\u00f4n cao, \u0111\u1ed9i ng\u0169 thi c\u00f4ng c\u00f3 kinh nghi\u1ec7m, \u0111am m\u00ea v\u1edbi ngh\u1ec1 v\u00e0 kh\u1eaft khe trong t\u1eebng s\u1ea3n ph\u1ea9m<\/strong>, t\u00ean tu\u1ed5i c\u1ee7a Kim &#8211; Furniture <strong>\u0111\u00e3 \u0111\u01b0\u1ee3c kh\u1eb3ng \u0111\u1ecbnh<\/strong> qua c\u00e1c c\u00f4ng tr\u00ecnh th\u1ef1c t\u1ebf <strong>\u0111\u1eb3ng c\u1ea5p, sang tr\u1ecdng<\/strong> v\u00e0 \u0111\u1eb7c bi\u1ec7t qua s\u1ef1 h\u00e0i l\u00f2ng c\u1ee7a kh\u00e1ch h\u00e0ng. Ch\u00fang t\u00f4i lu\u00f4n h\u01b0\u1edbng t\u1edbi <strong>s\u1ef1 ho\u00e0n h\u1ea3o v\u00e0 y\u1ebfu t\u1ed1 ngh\u1ec7 thu\u1eadt<\/strong> trong c\u00e1c thi\u1ebft k\u1ebf.<\/p>\n\t\t\t\t<img decoding=\"async\" loading=\"lazy\" src=\"https:\/\/kimfurniture.com\/en\/wp-content\/uploads\/2021\/06\/1.1.png\" alt=\"1.1\" itemprop=\"image\" height=\"506\" width=\"498\" title=\"1.1\" onerror=\"this.style.display='none'\"  \/>\n\t\t\t\t<img decoding=\"async\" loading=\"lazy\" src=\"https:\/\/kimfurniture.com\/en\/wp-content\/uploads\/2021\/06\/10.png\" alt=\"10\" itemprop=\"image\" height=\"214\" width=\"518\" title=\"10\" onerror=\"this.style.display='none'\"  \/>\n\t\t\t\t<img decoding=\"async\" loading=\"lazy\" src=\"https:\/\/kimfurniture.com\/en\/wp-content\/uploads\/2021\/07\/Rectangle-2-copy-1.png\" alt=\"Rectangle 2 copy\" itemprop=\"image\" height=\"286\" width=\"488\" title=\"Rectangle 2 copy\" onerror=\"this.style.display='none'\"  \/>\n\t\t\t\t<img decoding=\"async\" loading=\"lazy\" src=\"https:\/\/kimfurniture.com\/en\/wp-content\/uploads\/2021\/06\/1.1.png\" alt=\"1.1\" itemprop=\"image\" height=\"506\" width=\"498\" title=\"1.1\" onerror=\"this.style.display='none'\"  \/>\n<h2>\n\t\tV\u00cc SAO B\u1ea0N N\u00caN CH\u1eccN KIM &#8211; FURNITURE ?\n\t<\/h2>\n<h2>\n\t\t\u0110\u1ed8I NG\u0168 THI\u1ebeT K\u1ebe <br \/> S\u00c1NG T\u1ea0O, CHUY\u00caN NGHI\u1ec6P\n\t<\/h2>\n\t<p>Kim Furniture t\u1ef1 h\u00e0o v\u1edbi \u0111\u1ed9i ng\u0169 ki\u1ebfn tr\u00fac s\u01b0 chuy\u00ean m\u00f4n cao, s\u00e1ng t\u1ea1o \u0111\u1ed9c \u0111\u00e1o v\u00e0 \u0111\u1eb7c bi\u1ec7t t\u00e2m huy\u1ebft v\u1edbi ngh\u1ec1, mang \u0111\u1ebfn cho kh\u00e1ch h\u00e0ng nh\u1eefng s\u1ea3n ph\u1ea9m ho\u00e0n h\u1ea3o nh\u1ea5t<\/p>\n\t\t\t\t<img decoding=\"async\" loading=\"lazy\" src=\"https:\/\/kimfurniture.com\/en\/wp-content\/uploads\/2021\/06\/anh-noi-bo-kim-furniture-5-1-e1625555142693.png\" alt=\"anh-noi-bo-kim-furniture (5)\" itemprop=\"image\" height=\"369\" width=\"820\" title=\"anh-noi-bo-kim-furniture (5)\" onerror=\"this.style.display='none'\"  \/>\n\t\t\t\t<img decoding=\"async\" loading=\"lazy\" src=\"https:\/\/kimfurniture.com\/en\/wp-content\/uploads\/2021\/06\/2.png\" alt=\"2\" itemprop=\"image\" height=\"407\" width=\"750\" title=\"2\" onerror=\"this.style.display='none'\"  \/>\n<h2>\n\t\tThi c\u00f4ng tr\u1ecdn g\u00f3i <br \/> n\u1ed9i th\u1ea5t\n\t<\/h2>\n\t<p>Nh\u1eb1m \u0111\u1ea3m b\u1ea3o trao tay cho kh\u00e1ch h\u00e0ng c\u0103n h\u1ed9 ho\u00e0n ch\u1ec9nh sao y b\u1ea3n thi\u1ebft k\u1ebf, KIM \u0111\u00e3 x\u00e2y d\u1ef1ng \u0111\u01b0\u1ee3c \u0111\u1ed9i ng\u0169 thi c\u00f4ng v\u1edbi tay ngh\u1ec1 cao v\u00e0 \u0111\u1ea7y tr\u00e1ch nhi\u1ec7m trong c\u00f4ng vi\u1ec7c<\/p>\n<h2>\n\t\tCh\u0103m s\u00f3c kh\u00e1ch h\u00e0ng nhi\u1ec7t t\u00ecnh, chu \u0111\u00e1o\n\t<\/h2>\n\t<p>S\u1ef1 h\u00e0i l\u00f2ng c\u1ee7a qu\u00fd kh\u00e1ch h\u00e0ng ch\u00ednh l\u00e0 ni\u1ec1m vui v\u00e0 \u0111\u1ed9ng l\u1ef1c c\u1ee7a Kim &#8211; Furniture. Ch\u00ednh v\u00ec v\u1eady, m\u1ed7i kh\u00e1ch h\u00e0ng \u0111\u1ebfn v\u1edbi Kim furniture \u0111\u1ec1u \u0111\u01b0\u1ee3c ch\u00fang t\u00f4i ch\u0103m s\u00f3c nhi\u1ec7t t\u00ecnh chu \u0111\u00e1o<\/p>\n\t\t\t\t<img decoding=\"async\" loading=\"lazy\" src=\"https:\/\/kimfurniture.com\/en\/wp-content\/uploads\/2021\/06\/Layer-1.png\" alt=\"Layer 1\" itemprop=\"image\" height=\"407\" width=\"750\" title=\"Layer 1\" onerror=\"this.style.display='none'\"  \/>\n\t\t\t<a href=\"https:\/\/kimfurniture.com\/en\/du-an\/\" target=\"_self\" role=\"button\" rel=\"noopener\">\n\t\t\t\t\t\t\tXEM TH\u00caM V\u1ec0 C\u00c1C D\u1ef0 \u00c1N N\u1ed4I B\u1eacT C\u1ee6A CH\u00daNG T\u00d4I\n\t\t\t\t\t<\/a>\n\n","protected":false},"excerpt":{"rendered":"<p>C\u00f4ng ty CP thi\u1ebft k\u1ebf &amp; th\u01b0\u01a1ng m\u1ea1i n\u1ed9i th\u1ea5t KIM ho\u1ea1t \u0111\u1ed9ng trong l\u0129nh v\u1ef1c thi\u1ebft k\u1ebf thi c\u00f4ng n\u1ed9i th\u1ea5t tr\u1ecdn g\u00f3i. \u0110\u01b0\u1ee3c th\u00e0nh l\u1eadp t\u1eeb n\u0103m 2017, v\u1edbi \u0111\u1ed9i ng\u0169 thi\u1ebft k\u1ebf chuy\u00ean m\u00f4n cao, \u0111\u1ed9i ng\u0169 thi c\u00f4ng c\u00f3 kinh nghi\u1ec7m, \u0111am m\u00ea v\u1edbi ngh\u1ec1 v\u00e0 kh\u1eaft khe trong t\u1eebng s\u1ea3n&hellip;<\/p>\n<p class=\"more\"><a class=\"more-link\" href=\"https:\/\/kimfurniture.com\/en\/ve-chung-toi\/\">Continue reading <span class=\"screen-reader-text\">V\u1ec1 ch\u00fang t\u00f4i<\/span><\/a><\/p>\n","protected":false},"author":1,"featured_media":0,"parent":0,"menu_order":0,"comment_status":"closed","ping_status":"closed","template":"page-templates\/full.php","meta":{"inline_featured_image":false},"yoast_head":"<!-- This site is optimized with the Yoast SEO plugin v17.0 - https:\/\/yoast.com\/wordpress\/plugins\/seo\/ -->\n<title>V\u1ec1 ch\u00fang t\u00f4i - Kim<\/title>\n<meta name=\"description\" content=\"THI\u1ebeT K\u1ebe &amp; THI C\u00d4NG N\u1ed8I TH\u1ea4T TR\u1eccN G\u00d3I\" \/>\n<meta name=\"robots\" content=\"index, follow, max-snippet:-1, max-image-preview:large, max-video-preview:-1\" \/>\n<link rel=\"canonical\" href=\"https:\/\/kimfurniture.com\/en\/ve-chung-toi\/\" \/>\n<meta property=\"og:locale\" content=\"vi_VN\" \/>\n<meta property=\"og:type\" content=\"article\" \/>\n<meta property=\"og:title\" content=\"V\u1ec1 ch\u00fang t\u00f4i - Kim\" \/>\n<meta property=\"og:description\" content=\"THI\u1ebeT K\u1ebe &amp; THI C\u00d4NG N\u1ed8I TH\u1ea4T TR\u1eccN G\u00d3I\" \/>\n<meta property=\"og:url\" content=\"https:\/\/kimfurniture.com\/en\/ve-chung-toi\/\" \/>\n<meta property=\"og:site_name\" content=\"Kim\" \/>\n<meta property=\"article:publisher\" content=\"https:\/\/www.facebook.com\/KIM.furniture.jsc\" \/>\n<meta property=\"article:modified_time\" content=\"2021-08-02T07:17:12+00:00\" \/>\n<meta property=\"og:image\" content=\"https:\/\/kimfurniture.com\/en\/wp-content\/uploads\/2021\/07\/anh-noi-bo-kim-furniture-5.png\" \/>\n<meta name=\"twitter:card\" content=\"summary_large_image\" \/>\n<meta name=\"twitter:label1\" content=\"\u01af\u1edbc t\u00ednh th\u1eddi gian \u0111\u1ecdc\" \/>\n\t<meta name=\"twitter:data1\" content=\"2 ph\u00fat\" \/>\n<script type=\"application\/ld+json\" class=\"yoast-schema-graph\">{\"@context\":\"https:\/\/schema.org\",\"@graph\":[{\"@type\":\"Organization\",\"@id\":\"https:\/\/kimfurniture.com\/en\/#organization\",\"name\":\"Kim\",\"url\":\"https:\/\/kimfurniture.com\/en\/\",\"sameAs\":[\"https:\/\/www.facebook.com\/KIM.furniture.jsc\"],\"logo\":{\"@type\":\"ImageObject\",\"@id\":\"https:\/\/kimfurniture.com\/en\/#logo\",\"inLanguage\":\"vi\",\"url\":\"https:\/\/kimfurniture.com\/en\/wp-content\/uploads\/2021\/08\/Logo-kim-furniture-1.png\",\"contentUrl\":\"https:\/\/kimfurniture.com\/en\/wp-content\/uploads\/2021\/08\/Logo-kim-furniture-1.png\",\"width\":240,\"height\":240,\"caption\":\"Kim\"},\"image\":{\"@id\":\"https:\/\/kimfurniture.com\/en\/#logo\"}},{\"@type\":\"WebSite\",\"@id\":\"https:\/\/kimfurniture.com\/en\/#website\",\"url\":\"https:\/\/kimfurniture.com\/en\/\",\"name\":\"Kim\",\"description\":\"Thi\\u1ebft k\\u1ebf &amp; thi c\\u00f4ng tr\\u1ecdn g\\u00f3i n\\u1ed9i th\\u1ea5t\",\"publisher\":{\"@id\":\"https:\/\/kimfurniture.com\/en\/#organization\"},\"potentialAction\":[{\"@type\":\"SearchAction\",\"target\":{\"@type\":\"EntryPoint\",\"urlTemplate\":\"https:\/\/kimfurniture.com\/en\/?s={search_term_string}\"},\"query-input\":\"required name=search_term_string\"}],\"inLanguage\":\"vi\"},{\"@type\":\"ImageObject\",\"@id\":\"https:\/\/kimfurniture.com\/en\/ve-chung-toi\/#primaryimage\",\"inLanguage\":\"vi\",\"url\":\"https:\/\/kimfurniture.com\/en\/wp-content\/uploads\/2021\/07\/anh-noi-bo-kim-furniture-5.png\",\"contentUrl\":\"https:\/\/kimfurniture.com\/en\/wp-content\/uploads\/2021\/07\/anh-noi-bo-kim-furniture-5.png\",\"width\":820,\"height\":480,\"caption\":\"\\u0110\\u1ed9i ng\\u0169 c\\u1ee7a KIM\"},{\"@type\":\"WebPage\",\"@id\":\"https:\/\/kimfurniture.com\/en\/ve-chung-toi\/#webpage\",\"url\":\"https:\/\/kimfurniture.com\/en\/ve-chung-toi\/\",\"name\":\"V\\u1ec1 ch\\u00fang t\\u00f4i - Kim\",\"isPartOf\":{\"@id\":\"https:\/\/kimfurniture.com\/en\/#website\"},\"primaryImageOfPage\":{\"@id\":\"https:\/\/kimfurniture.com\/en\/ve-chung-toi\/#primaryimage\"},\"datePublished\":\"2021-06-24T02:48:07+00:00\",\"dateModified\":\"2021-08-02T07:17:12+00:00\",\"description\":\"THI\\u1ebeT K\\u1ebe & THI C\\u00d4NG N\\u1ed8I TH\\u1ea4T TR\\u1eccN G\\u00d3I\",\"breadcrumb\":{\"@id\":\"https:\/\/kimfurniture.com\/en\/ve-chung-toi\/#breadcrumb\"},\"inLanguage\":\"vi\",\"potentialAction\":[{\"@type\":\"ReadAction\",\"target\":[\"https:\/\/kimfurniture.com\/en\/ve-chung-toi\/\"]}]},{\"@type\":\"BreadcrumbList\",\"@id\":\"https:\/\/kimfurniture.com\/en\/ve-chung-toi\/#breadcrumb\",\"itemListElement\":[{\"@type\":\"ListItem\",\"position\":1,\"name\":\"Home\",\"item\":\"https:\/\/kimfurniture.com\/en\/\"},{\"@type\":\"ListItem\",\"position\":2,\"name\":\"V\\u1ec1 ch\\u00fang t\\u00f4i\"}]}]}<\/script>\n<!-- \/ Yoast SEO plugin. -->","yoast_head_json":{"title":"V\u1ec1 ch\u00fang t\u00f4i - Kim","description":"THI\u1ebeT K\u1ebe & THI C\u00d4NG N\u1ed8I TH\u1ea4T TR\u1eccN G\u00d3I","robots":{"index":"index","follow":"follow","max-snippet":"max-snippet:-1","max-image-preview":"max-image-preview:large","max-video-preview":"max-video-preview:-1"},"canonical":"https:\/\/kimfurniture.com\/en\/ve-chung-toi\/","og_locale":"vi_VN","og_type":"article","og_title":"V\u1ec1 ch\u00fang t\u00f4i - Kim","og_description":"THI\u1ebeT K\u1ebe & THI C\u00d4NG N\u1ed8I TH\u1ea4T TR\u1eccN G\u00d3I","og_url":"https:\/\/kimfurniture.com\/en\/ve-chung-toi\/","og_site_name":"Kim","article_publisher":"https:\/\/www.facebook.com\/KIM.furniture.jsc","article_modified_time":"2021-08-02T07:17:12+00:00","og_image":[{"url":"https:\/\/kimfurniture.com\/en\/wp-content\/uploads\/2021\/07\/anh-noi-bo-kim-furniture-5.png"}],"twitter_card":"summary_large_image","twitter_misc":{"\u01af\u1edbc t\u00ednh th\u1eddi gian \u0111\u1ecdc":"2 ph\u00fat"},"schema":{"@context":"https:\/\/schema.org","@graph":[{"@type":"Organization","@id":"https:\/\/kimfurniture.com\/en\/#organization","name":"Kim","url":"https:\/\/kimfurniture.com\/en\/","sameAs":["https:\/\/www.facebook.com\/KIM.furniture.jsc"],"logo":{"@type":"ImageObject","@id":"https:\/\/kimfurniture.com\/en\/#logo","inLanguage":"vi","url":"https:\/\/kimfurniture.com\/en\/wp-content\/uploads\/2021\/08\/Logo-kim-furniture-1.png","contentUrl":"https:\/\/kimfurniture.com\/en\/wp-content\/uploads\/2021\/08\/Logo-kim-furniture-1.png","width":240,"height":240,"caption":"Kim"},"image":{"@id":"https:\/\/kimfurniture.com\/en\/#logo"}},{"@type":"WebSite","@id":"https:\/\/kimfurniture.com\/en\/#website","url":"https:\/\/kimfurniture.com\/en\/","name":"Kim","description":"Thi\u1ebft k\u1ebf &amp; thi c\u00f4ng tr\u1ecdn g\u00f3i n\u1ed9i th\u1ea5t","publisher":{"@id":"https:\/\/kimfurniture.com\/en\/#organization"},"potentialAction":[{"@type":"SearchAction","target":{"@type":"EntryPoint","urlTemplate":"https:\/\/kimfurniture.com\/en\/?s={search_term_string}"},"query-input":"required name=search_term_string"}],"inLanguage":"vi"},{"@type":"ImageObject","@id":"https:\/\/kimfurniture.com\/en\/ve-chung-toi\/#primaryimage","inLanguage":"vi","url":"https:\/\/kimfurniture.com\/en\/wp-content\/uploads\/2021\/07\/anh-noi-bo-kim-furniture-5.png","contentUrl":"https:\/\/kimfurniture.com\/en\/wp-content\/uploads\/2021\/07\/anh-noi-bo-kim-furniture-5.png","width":820,"height":480,"caption":"\u0110\u1ed9i ng\u0169 c\u1ee7a KIM"},{"@type":"WebPage","@id":"https:\/\/kimfurniture.com\/en\/ve-chung-toi\/#webpage","url":"https:\/\/kimfurniture.com\/en\/ve-chung-toi\/","name":"V\u1ec1 ch\u00fang t\u00f4i - Kim","isPartOf":{"@id":"https:\/\/kimfurniture.com\/en\/#website"},"primaryImageOfPage":{"@id":"https:\/\/kimfurniture.com\/en\/ve-chung-toi\/#primaryimage"},"datePublished":"2021-06-24T02:48:07+00:00","dateModified":"2021-08-02T07:17:12+00:00","description":"THI\u1ebeT K\u1ebe & THI C\u00d4NG N\u1ed8I TH\u1ea4T TR\u1eccN G\u00d3I","breadcrumb":{"@id":"https:\/\/kimfurniture.com\/en\/ve-chung-toi\/#breadcrumb"},"inLanguage":"vi","potentialAction":[{"@type":"ReadAction","target":["https:\/\/kimfurniture.com\/en\/ve-chung-toi\/"]}]},{"@type":"BreadcrumbList","@id":"https:\/\/kimfurniture.com\/en\/ve-chung-toi\/#breadcrumb","itemListElement":[{"@type":"ListItem","position":1,"name":"Home","item":"https:\/\/kimfurniture.com\/en\/"},{"@type":"ListItem","position":2,"name":"V\u1ec1 ch\u00fang t\u00f4i"}]}]}},"_links":{"self":[{"href":"https:\/\/kimfurniture.com\/en\/wp-json\/wp\/v2\/pages\/45"}],"collection":[{"href":"https:\/\/kimfurniture.com\/en\/wp-json\/wp\/v2\/pages"}],"about":[{"href":"https:\/\/kimfurniture.com\/en\/wp-json\/wp\/v2\/types\/page"}],"author":[{"embeddable":true,"href":"https:\/\/kimfurniture.com\/en\/wp-json\/wp\/v2\/users\/1"}],"replies":[{"embeddable":true,"href":"https:\/\/kimfurniture.com\/en\/wp-json\/wp\/v2\/comments?post=45"}],"version-history":[{"count":81,"href":"https:\/\/kimfurniture.com\/en\/wp-json\/wp\/v2\/pages\/45\/revisions"}],"predecessor-version":[{"id":3027,"href":"https:\/\/kimfurniture.com\/en\/wp-json\/wp\/v2\/pages\/45\/revisions\/3027"}],"wp:attachment":[{"href":"https:\/\/kimfurniture.com\/en\/wp-json\/wp\/v2\/media?parent=45"}],"curies":[{"name":"wp","href":"https:\/\/api.w.org\/{rel}","templated":true}]}}