{"id":16,"date":"2021-06-23T10:19:31","date_gmt":"2021-06-23T10:19:31","guid":{"rendered":"https:\/\/kimfurniture.com\/en\/?page_id=16"},"modified":"2021-07-29T16:31:43","modified_gmt":"2021-07-29T09:31:43","slug":"lien-he","status":"publish","type":"page","link":"https:\/\/kimfurniture.com\/en\/lien-he\/","title":{"rendered":"Li\u00ean h\u1ec7"},"content":{"rendered":"\n\n\t<iframe src=\"https:\/\/www.google.com\/maps\/embed\/v1\/place?q=148%2C+nguy%E1%BB%85n+ch%C3%AD+thanh&#038;key=AIzaSyD09zQ9PNDNNy9TadMuzRV_UsPUoWKntt8\" aria-hidden=\"true\"><\/iframe>\n<h2>\n\t\tOFFICE &#038; SHOWROOM\n\t<\/h2>\n\tAddress | <strong>148 &#8211; Nguyen Chi Thanh &#8211; HN<\/strong><br \/>\nHotline | <strong>03.5454.9999<\/strong><br \/>\nEmail | <strong>kim.furniture.jsc@gmail.com<\/strong>\n\t<iframe src=\"https:\/\/www.google.com\/maps\/embed\/v1\/place?q=148%2C+nguy%E1%BB%85n+ch%C3%AD+thanh&#038;key=AIzaSyD09zQ9PNDNNy9TadMuzRV_UsPUoWKntt8\" aria-hidden=\"true\"><\/iframe>\n<h2>\n\t\tOFFICE &#038; SHOWROOM\n\t<\/h2>\n\tAddress | <strong>148 &#8211; Nguyen Chi Thanh &#8211; HN<\/strong><br \/>\nHotline | <strong>03.5454.9999<\/strong><br \/>\nEmail | <strong>kim.furniture.jsc@gmail.com<\/strong>\n\t<iframe src=\"https:\/\/www.google.com\/maps\/embed\/v1\/place?q=148%2C+nguy%E1%BB%85n+ch%C3%AD+thanh&#038;key=AIzaSyD09zQ9PNDNNy9TadMuzRV_UsPUoWKntt8\" aria-hidden=\"true\"><\/iframe>\n<h2>\n\t\tOFFICE &#038; SHOWROOM\n\t<\/h2>\n\tAddress | <strong>148 &#8211; Nguyen Chi Thanh &#8211; HN<\/strong><br \/>\nHotline | <strong>03.5454.9999<\/strong><br \/>\nEmail | <strong>kim.furniture.jsc@gmail.com<\/strong>\n\t<iframe src=\"https:\/\/www.google.com\/maps\/embed\/v1\/place?q=148%2C+nguy%E1%BB%85n+ch%C3%AD+thanh&#038;key=AIzaSyD09zQ9PNDNNy9TadMuzRV_UsPUoWKntt8\" aria-hidden=\"true\"><\/iframe>\n<h2>\n\t\tGI\u00daP CH\u00daNG T\u00d4I T\u01af V\u1ea4N NHANH CH\u00d3NG H\u01a0N\n\t<\/h2>\n\t<strong>GI\u00daP CH\u00daNG T\u00d4I<\/strong><br \/>\n<strong>T\u01af V\u1ea4N NHANH H\u01a0N<\/strong>\n\t\n                <div class='gf_browser_gecko gform_wrapper form_contact_wrapper' id='gform_wrapper_1' ><div id='gf_1' class='gform_anchor' tabindex='-1'><\/div><form method='post' enctype='multipart\/form-data' target='gform_ajax_frame_1' id='gform_1' class='form_contact' action='\/en\/wp-json\/wp\/v2\/pages\/16#gf_1'>\n                        <div class='gform_heading'>\n                            <span class='gform_description'><\/span>\n                        <\/div>\n                        <div class='gform_body'><ul id='gform_fields_1' class='gform_fields top_label form_sublabel_below description_below'><li id='field_1_1'  class='gfield gfield_contains_required field_sublabel_below field_description_below hidden_label gfield_visibility_visible' ><label class='gfield_label' for='input_1_1' ><span class='gfield_required'>*<\/span><\/label><div class='ginput_container ginput_container_text'><input name='input_1' id='input_1_1' type='text' value='' class='large'    placeholder='*H\u1ecd v\u00e0 t\u00ean:' aria-required=\"true\" aria-invalid=\"false\" \/><\/div><\/li><li id='field_1_2'  class='gfield gfield_contains_required field_sublabel_below field_description_below gfield_visibility_visible' ><label class='gfield_label' for='input_1_2' ><span class='gfield_required'>*<\/span><\/label><div class='ginput_container ginput_container_text'><input name='input_2' id='input_1_2' type='text' value='' class='large'    placeholder='*S\u1ed1 \u0111i\u1ec7n tho\u1ea1i:' aria-required=\"true\" aria-invalid=\"false\" \/><\/div><\/li><li id='field_1_12'  class='gfield gfield_contains_required field_sublabel_below field_description_below gfield_visibility_visible' ><label class='gfield_label' for='input_1_12' ><span class='gfield_required'>*<\/span><\/label><div class='ginput_container ginput_container_text'><input name='input_12' id='input_1_12' type='text' value='' class='large'    placeholder='*Di\u1ec7n t\u00edch:' aria-required=\"true\" aria-invalid=\"false\" \/><\/div><\/li><li id='field_1_13'  class='gfield field_sublabel_below field_description_below gfield_visibility_visible' ><label class='gfield_label' for='input_1_13' ><\/label><div class='ginput_container ginput_container_text'><input name='input_13' id='input_1_13' type='text' value='' class='large'    placeholder='\u0110\u1ecba ch\u1ec9:'  aria-invalid=\"false\" \/><\/div><\/li><li id='field_1_15'  class='gfield field_sublabel_below field_description_below gfield_visibility_visible' ><label class='gfield_label' for='input_1_15' ><\/label><div class='ginput_container ginput_container_email'>\n                            <input name='input_15' id='input_1_15' type='text' value='' class='large'   placeholder='Email:'  aria-invalid=\"false\" \/>\n                        <\/div><\/li><li id='field_1_16'  class='gfield field_sublabel_below field_description_below gfield_visibility_visible' ><label class='gfield_label' for='input_1_16' ><\/label><div class='ginput_container ginput_container_text'><input name='input_16' id='input_1_16' type='text' value='' class='large'    placeholder='Lo\u1ea1i h\u00ecnh d\u1ef1 \u00e1n:'  aria-invalid=\"false\" \/><\/div><\/li><li id='field_1_17'  class='gfield field_sublabel_below field_description_below gfield_visibility_visible' ><label class='gfield_label' for='input_1_17' ><\/label><div class='ginput_container ginput_container_text'><input name='input_17' id='input_1_17' type='text' value='' class='large'    placeholder='Ng\u00e2n s\u00e1ch:'  aria-invalid=\"false\" \/><\/div><\/li><li id='field_1_18'  class='gfield field_sublabel_below field_description_below gfield_visibility_visible' ><label class='gfield_label' for='input_1_18' ><\/label><div class='ginput_container ginput_container_text'><input name='input_18' id='input_1_18' type='text' value='' class='large'    placeholder='Phong c\u00e1ch thi\u1ebft k\u1ebf y\u00eau th\u00edch:'  aria-invalid=\"false\" \/><\/div><\/li>\n                            <\/ul><\/div>\n        <div class='gform_footer top_label'> <input type='submit' id='gform_submit_button_1' class='gform_button button' value='G\u1eedi'  onclick='if(window[\"gf_submitting_1\"]){return false;}  window[\"gf_submitting_1\"]=true;  ' onkeypress='if( event.keyCode == 13 ){ if(window[\"gf_submitting_1\"]){return false;} window[\"gf_submitting_1\"]=true;  jQuery(\"#gform_1\").trigger(\"submit\",[true]); }' \/> <input type='hidden' name='gform_ajax' value='form_id=1&amp;title=&amp;description=1&amp;tabindex=0' \/>\n            <input type='hidden' class='gform_hidden' name='is_submit_1' value='1' \/>\n            <input type='hidden' class='gform_hidden' name='gform_submit' value='1' \/>\n            \n            <input type='hidden' class='gform_hidden' name='gform_unique_id' value='' \/>\n            <input type='hidden' class='gform_hidden' name='state_1' value='WyJbXSIsIjQ5MDg4YzE1NGRmZTA5Mjk4MTQ5MTc5YjU1ZDkxMjQ2Il0=' \/>\n            <input type='hidden' class='gform_hidden' name='gform_target_page_number_1' id='gform_target_page_number_1' value='0' \/>\n            <input type='hidden' class='gform_hidden' name='gform_source_page_number_1' id='gform_source_page_number_1' value='1' \/>\n            <input type='hidden' name='gform_field_values' value='' \/>\n            \n        <\/div>\n                        <\/form>\n                        <\/div>\n                <iframe style='display:none;width:0px;height:0px;' src='about:blank' name='gform_ajax_frame_1' id='gform_ajax_frame_1' title='This iframe contains the logic required to handle Ajax powered Gravity Forms.'><\/iframe>\n                <script type='text\/javascript'>jQuery(document).ready(function($){gformInitSpinner( 1, 'https:\/\/kimfurniture.com\/en\/wp-content\/plugins\/gravityforms-master\/images\/spinner.gif' );jQuery('#gform_ajax_frame_1').on('load',function(){var contents = jQuery(this).contents().find('*').html();var is_postback = contents.indexOf('GF_AJAX_POSTBACK') >= 0;if(!is_postback){return;}var form_content = jQuery(this).contents().find('#gform_wrapper_1');var is_confirmation = jQuery(this).contents().find('#gform_confirmation_wrapper_1').length > 0;var is_redirect = contents.indexOf('gformRedirect(){') >= 0;var is_form = form_content.length > 0 && ! is_redirect && ! is_confirmation;var mt = parseInt(jQuery('html').css('margin-top'), 10) + parseInt(jQuery('body').css('margin-top'), 10) + 100;if(is_form){jQuery('#gform_wrapper_1').html(form_content.html());if(form_content.hasClass('gform_validation_error')){jQuery('#gform_wrapper_1').addClass('gform_validation_error');} else {jQuery('#gform_wrapper_1').removeClass('gform_validation_error');}setTimeout( function() { \/* delay the scroll by 50 milliseconds to fix a bug in chrome *\/ jQuery(document).scrollTop(jQuery('#gform_wrapper_1').offset().top - mt); }, 50 );if(window['gformInitDatepicker']) {gformInitDatepicker();}if(window['gformInitPriceFields']) {gformInitPriceFields();}var current_page = jQuery('#gform_source_page_number_1').val();gformInitSpinner( 1, 'https:\/\/kimfurniture.com\/en\/wp-content\/plugins\/gravityforms-master\/images\/spinner.gif' );jQuery(document).trigger('gform_page_loaded', [1, current_page]);window['gf_submitting_1'] = false;}else if(!is_redirect){var confirmation_content = jQuery(this).contents().find('.GF_AJAX_POSTBACK').html();if(!confirmation_content){confirmation_content = contents;}setTimeout(function(){jQuery('#gform_wrapper_1').replaceWith(confirmation_content);jQuery(document).scrollTop(jQuery('#gf_1').offset().top - mt);jQuery(document).trigger('gform_confirmation_loaded', [1]);window['gf_submitting_1'] = false;}, 50);}else{jQuery('#gform_1').append(contents);if(window['gformRedirect']) {gformRedirect();}}jQuery(document).trigger('gform_post_render', [1, current_page]);} );} );<\/script><script type='text\/javascript'> jQuery(document).bind('gform_post_render', function(event, formId, currentPage){if(formId == 1) {if(typeof Placeholders != 'undefined'){\n                        Placeholders.enable();\n                    }} } );jQuery(document).bind('gform_post_conditional_logic', function(event, formId, fields, isInit){} );<\/script><script type='text\/javascript'> jQuery(document).ready(function(){jQuery(document).trigger('gform_post_render', [1, 1]) } ); <\/script>\n\n","protected":false},"excerpt":{"rendered":"<p>OFFICE &#038; SHOWROOM Address | 148 &#8211; Nguyen Chi Thanh &#8211; HN Hotline | 03.5454.9999 Email | kim.furniture.jsc@gmail.com OFFICE &#038; SHOWROOM Address | 148 &#8211; Nguyen Chi Thanh &#8211; HN Hotline | 03.5454.9999 Email | kim.furniture.jsc@gmail.com OFFICE &#038; SHOWROOM Address | 148 &#8211; Nguyen Chi Thanh &#8211; HN Hotline | 03.5454.9999 Email | kim.furniture.jsc@gmail.com GI\u00daP&hellip;<\/p>\n<p class=\"more\"><a class=\"more-link\" href=\"https:\/\/kimfurniture.com\/en\/lien-he\/\">Continue reading <span class=\"screen-reader-text\">Li\u00ean h\u1ec7<\/span><\/a><\/p>\n","protected":false},"author":1,"featured_media":0,"parent":0,"menu_order":0,"comment_status":"closed","ping_status":"closed","template":"page-templates\/full.php","meta":{"inline_featured_image":false},"yoast_head":"<!-- This site is optimized with the Yoast SEO plugin v17.0 - https:\/\/yoast.com\/wordpress\/plugins\/seo\/ -->\n<title>Li\u00ean h\u1ec7 - Kim<\/title>\n<meta name=\"description\" content=\"THI\u1ebeT K\u1ebe &amp; THI C\u00d4NG N\u1ed8I TH\u1ea4T TR\u1eccN G\u00d3I\" \/>\n<meta name=\"robots\" content=\"index, follow, max-snippet:-1, max-image-preview:large, max-video-preview:-1\" \/>\n<link rel=\"canonical\" href=\"https:\/\/kimfurniture.com\/en\/lien-he\/\" \/>\n<meta property=\"og:locale\" content=\"vi_VN\" \/>\n<meta property=\"og:type\" content=\"article\" \/>\n<meta property=\"og:title\" content=\"Li\u00ean h\u1ec7 - Kim\" \/>\n<meta property=\"og:description\" content=\"THI\u1ebeT K\u1ebe &amp; THI C\u00d4NG N\u1ed8I TH\u1ea4T TR\u1eccN G\u00d3I\" \/>\n<meta property=\"og:url\" content=\"https:\/\/kimfurniture.com\/en\/lien-he\/\" \/>\n<meta property=\"og:site_name\" content=\"Kim\" \/>\n<meta property=\"article:publisher\" content=\"https:\/\/www.facebook.com\/KIM.furniture.jsc\" \/>\n<meta property=\"article:modified_time\" content=\"2021-07-29T09:31:43+00:00\" \/>\n<meta property=\"og:image\" content=\"https:\/\/kimfurniture.com\/en\/wp-content\/uploads\/2021\/08\/Logo-kim-furniture-1.png\" \/>\n\t<meta property=\"og:image:width\" content=\"240\" \/>\n\t<meta property=\"og:image:height\" content=\"240\" \/>\n<meta name=\"twitter:card\" content=\"summary_large_image\" \/>\n<script type=\"application\/ld+json\" class=\"yoast-schema-graph\">{\"@context\":\"https:\/\/schema.org\",\"@graph\":[{\"@type\":\"Organization\",\"@id\":\"https:\/\/kimfurniture.com\/en\/#organization\",\"name\":\"Kim\",\"url\":\"https:\/\/kimfurniture.com\/en\/\",\"sameAs\":[\"https:\/\/www.facebook.com\/KIM.furniture.jsc\"],\"logo\":{\"@type\":\"ImageObject\",\"@id\":\"https:\/\/kimfurniture.com\/en\/#logo\",\"inLanguage\":\"vi\",\"url\":\"https:\/\/kimfurniture.com\/en\/wp-content\/uploads\/2021\/08\/Logo-kim-furniture-1.png\",\"contentUrl\":\"https:\/\/kimfurniture.com\/en\/wp-content\/uploads\/2021\/08\/Logo-kim-furniture-1.png\",\"width\":240,\"height\":240,\"caption\":\"Kim\"},\"image\":{\"@id\":\"https:\/\/kimfurniture.com\/en\/#logo\"}},{\"@type\":\"WebSite\",\"@id\":\"https:\/\/kimfurniture.com\/en\/#website\",\"url\":\"https:\/\/kimfurniture.com\/en\/\",\"name\":\"Kim\",\"description\":\"Thi\\u1ebft k\\u1ebf &amp; thi c\\u00f4ng tr\\u1ecdn g\\u00f3i n\\u1ed9i th\\u1ea5t\",\"publisher\":{\"@id\":\"https:\/\/kimfurniture.com\/en\/#organization\"},\"potentialAction\":[{\"@type\":\"SearchAction\",\"target\":{\"@type\":\"EntryPoint\",\"urlTemplate\":\"https:\/\/kimfurniture.com\/en\/?s={search_term_string}\"},\"query-input\":\"required name=search_term_string\"}],\"inLanguage\":\"vi\"},{\"@type\":\"WebPage\",\"@id\":\"https:\/\/kimfurniture.com\/en\/lien-he\/#webpage\",\"url\":\"https:\/\/kimfurniture.com\/en\/lien-he\/\",\"name\":\"Li\\u00ean h\\u1ec7 - Kim\",\"isPartOf\":{\"@id\":\"https:\/\/kimfurniture.com\/en\/#website\"},\"datePublished\":\"2021-06-23T10:19:31+00:00\",\"dateModified\":\"2021-07-29T09:31:43+00:00\",\"description\":\"THI\\u1ebeT K\\u1ebe & THI C\\u00d4NG N\\u1ed8I TH\\u1ea4T TR\\u1eccN G\\u00d3I\",\"breadcrumb\":{\"@id\":\"https:\/\/kimfurniture.com\/en\/lien-he\/#breadcrumb\"},\"inLanguage\":\"vi\",\"potentialAction\":[{\"@type\":\"ReadAction\",\"target\":[\"https:\/\/kimfurniture.com\/en\/lien-he\/\"]}]},{\"@type\":\"BreadcrumbList\",\"@id\":\"https:\/\/kimfurniture.com\/en\/lien-he\/#breadcrumb\",\"itemListElement\":[{\"@type\":\"ListItem\",\"position\":1,\"name\":\"Home\",\"item\":\"https:\/\/kimfurniture.com\/en\/\"},{\"@type\":\"ListItem\",\"position\":2,\"name\":\"Li\\u00ean h\\u1ec7\"}]}]}<\/script>\n<!-- \/ Yoast SEO plugin. -->","yoast_head_json":{"title":"Li\u00ean h\u1ec7 - Kim","description":"THI\u1ebeT K\u1ebe & THI C\u00d4NG N\u1ed8I TH\u1ea4T TR\u1eccN G\u00d3I","robots":{"index":"index","follow":"follow","max-snippet":"max-snippet:-1","max-image-preview":"max-image-preview:large","max-video-preview":"max-video-preview:-1"},"canonical":"https:\/\/kimfurniture.com\/en\/lien-he\/","og_locale":"vi_VN","og_type":"article","og_title":"Li\u00ean h\u1ec7 - Kim","og_description":"THI\u1ebeT K\u1ebe & THI C\u00d4NG N\u1ed8I TH\u1ea4T TR\u1eccN G\u00d3I","og_url":"https:\/\/kimfurniture.com\/en\/lien-he\/","og_site_name":"Kim","article_publisher":"https:\/\/www.facebook.com\/KIM.furniture.jsc","article_modified_time":"2021-07-29T09:31:43+00:00","og_image":[{"width":240,"height":240,"url":"https:\/\/kimfurniture.com\/en\/wp-content\/uploads\/2021\/08\/Logo-kim-furniture-1.png","path":"\/home\/kimfurniture\/kimfurniture.com\/en\/wp-content\/uploads\/2021\/08\/Logo-kim-furniture-1.png","size":"full","id":2986,"alt":"THI\u1ebeT K\u1ebe & THI C\u00d4NG N\u1ed8I TH\u1ea4T TR\u1eccN G\u00d3I","pixels":57600,"type":"image\/png"}],"twitter_card":"summary_large_image","schema":{"@context":"https:\/\/schema.org","@graph":[{"@type":"Organization","@id":"https:\/\/kimfurniture.com\/en\/#organization","name":"Kim","url":"https:\/\/kimfurniture.com\/en\/","sameAs":["https:\/\/www.facebook.com\/KIM.furniture.jsc"],"logo":{"@type":"ImageObject","@id":"https:\/\/kimfurniture.com\/en\/#logo","inLanguage":"vi","url":"https:\/\/kimfurniture.com\/en\/wp-content\/uploads\/2021\/08\/Logo-kim-furniture-1.png","contentUrl":"https:\/\/kimfurniture.com\/en\/wp-content\/uploads\/2021\/08\/Logo-kim-furniture-1.png","width":240,"height":240,"caption":"Kim"},"image":{"@id":"https:\/\/kimfurniture.com\/en\/#logo"}},{"@type":"WebSite","@id":"https:\/\/kimfurniture.com\/en\/#website","url":"https:\/\/kimfurniture.com\/en\/","name":"Kim","description":"Thi\u1ebft k\u1ebf &amp; thi c\u00f4ng tr\u1ecdn g\u00f3i n\u1ed9i th\u1ea5t","publisher":{"@id":"https:\/\/kimfurniture.com\/en\/#organization"},"potentialAction":[{"@type":"SearchAction","target":{"@type":"EntryPoint","urlTemplate":"https:\/\/kimfurniture.com\/en\/?s={search_term_string}"},"query-input":"required name=search_term_string"}],"inLanguage":"vi"},{"@type":"WebPage","@id":"https:\/\/kimfurniture.com\/en\/lien-he\/#webpage","url":"https:\/\/kimfurniture.com\/en\/lien-he\/","name":"Li\u00ean h\u1ec7 - Kim","isPartOf":{"@id":"https:\/\/kimfurniture.com\/en\/#website"},"datePublished":"2021-06-23T10:19:31+00:00","dateModified":"2021-07-29T09:31:43+00:00","description":"THI\u1ebeT K\u1ebe & THI C\u00d4NG N\u1ed8I TH\u1ea4T TR\u1eccN G\u00d3I","breadcrumb":{"@id":"https:\/\/kimfurniture.com\/en\/lien-he\/#breadcrumb"},"inLanguage":"vi","potentialAction":[{"@type":"ReadAction","target":["https:\/\/kimfurniture.com\/en\/lien-he\/"]}]},{"@type":"BreadcrumbList","@id":"https:\/\/kimfurniture.com\/en\/lien-he\/#breadcrumb","itemListElement":[{"@type":"ListItem","position":1,"name":"Home","item":"https:\/\/kimfurniture.com\/en\/"},{"@type":"ListItem","position":2,"name":"Li\u00ean h\u1ec7"}]}]}},"_links":{"self":[{"href":"https:\/\/kimfurniture.com\/en\/wp-json\/wp\/v2\/pages\/16"}],"collection":[{"href":"https:\/\/kimfurniture.com\/en\/wp-json\/wp\/v2\/pages"}],"about":[{"href":"https:\/\/kimfurniture.com\/en\/wp-json\/wp\/v2\/types\/page"}],"author":[{"embeddable":true,"href":"https:\/\/kimfurniture.com\/en\/wp-json\/wp\/v2\/users\/1"}],"replies":[{"embeddable":true,"href":"https:\/\/kimfurniture.com\/en\/wp-json\/wp\/v2\/comments?post=16"}],"version-history":[{"count":41,"href":"https:\/\/kimfurniture.com\/en\/wp-json\/wp\/v2\/pages\/16\/revisions"}],"predecessor-version":[{"id":2894,"href":"https:\/\/kimfurniture.com\/en\/wp-json\/wp\/v2\/pages\/16\/revisions\/2894"}],"wp:attachment":[{"href":"https:\/\/kimfurniture.com\/en\/wp-json\/wp\/v2\/media?parent=16"}],"curies":[{"name":"wp","href":"https:\/\/api.w.org\/{rel}","templated":true}]}}